{"id":2,"date":"2016-07-20T15:21:52","date_gmt":"2016-07-20T17:21:52","guid":{"rendered":"http:\/\/www.weinwerk.ch\/wonderbar\/?page_id=2"},"modified":"2026-02-26T17:38:54","modified_gmt":"2026-02-26T19:38:54","slug":"about","status":"publish","type":"page","link":"https:\/\/www.teamwonderbar.ch\/","title":{"rendered":"Formel 1 Weltmeisterschaft 2026"},"content":{"rendered":"\n<div class=\"wp-block-group is-nowrap is-layout-flex wp-container-core-group-is-layout-ad2f72ca wp-block-group-is-layout-flex\">\n<script type=\"text\/javascript\" src=\"https:\/\/www.f1widget.com\/javascript\/remote.js\" async><\/script>\n<script type=\"text\/javascript\">\n  (window.f1widgets ||= []).push({width: 355, height: 70, lang: \"en\"});\n<\/script>\n<\/div>\n\n\n\n<p><\/p>\n\n\n<div class=\"wp-block-image\">\n<figure class=\"alignleft size-large is-resized\"><a href=\"https:\/\/www.teamwonderbar.ch\/wp-content\/uploads\/2023\/03\/IMG_8551.jpg\"><img loading=\"lazy\" decoding=\"async\" width=\"1024\" height=\"798\" src=\"https:\/\/www.teamwonderbar.ch\/wp-content\/uploads\/2023\/03\/IMG_8551-1024x798.jpg\" alt=\"\" class=\"wp-image-989\" style=\"width:437px;height:auto\" srcset=\"https:\/\/www.teamwonderbar.ch\/wp-content\/uploads\/2023\/03\/IMG_8551-1024x798.jpg 1024w, https:\/\/www.teamwonderbar.ch\/wp-content\/uploads\/2023\/03\/IMG_8551-300x234.jpg 300w, https:\/\/www.teamwonderbar.ch\/wp-content\/uploads\/2023\/03\/IMG_8551-768x598.jpg 768w, https:\/\/www.teamwonderbar.ch\/wp-content\/uploads\/2023\/03\/IMG_8551-1536x1197.jpg 1536w, https:\/\/www.teamwonderbar.ch\/wp-content\/uploads\/2023\/03\/IMG_8551.jpg 2010w\" sizes=\"auto, (max-width: 1024px) 100vw, 1024px\" \/><\/a><\/figure>\n<\/div>\n\n\n<p>Team Wonderbar ist eine kleine Wettgemeinschaft f\u00fcr Formel 1 Interessierte, gegr\u00fcndet in der Wonderbar Luzern.<br>Urspr\u00fcnglich spielten wir in der Tippgemeinschaft von Krombacher. Da diese leider aufgel\u00f6st wurde, haben wir nun unser eigenes System.<\/p>\n\n\n\n<p>Da die Wonderbar Ende M\u00e4rz schlie\u00dft, werden noch die erst 3 Rennen 2026 gezeigt. Komm doch auch noch vorbei. Danke Doris und Tschuppi f\u00fcr die tollen Rennen bei euch.<\/p>\n\n\n\n<p>Die Wettgemeinschaft bleibt erhalten. Alternativen werden gesucht.<br>Informiere dich auf:\u00a0<a href=\"https:\/\/www.facebook.com\/tschuppiswonderbar\/\" target=\"_blank\" rel=\"noopener noreferrer\">https:\/\/www.facebook.com\/tschuppiswonderbar\/<\/a><\/p>\n","protected":false},"excerpt":{"rendered":"<p>Team Wonderbar ist eine kleine Wettgemeinschaft f\u00fcr Formel 1 Interessierte, gegr\u00fcndet in der Wonderbar Luzern.Urspr\u00fcnglich spielten wir in der Tippgemeinschaft von Krombacher. Da diese leider aufgel\u00f6st wurde, haben wir nun unser eigenes System. Da die Wonderbar Ende M\u00e4rz schlie\u00dft, werden noch die erst 3 Rennen 2026 gezeigt. Komm doch auch noch vorbei. Danke Doris und [&hellip;]<\/p>\n","protected":false},"author":1,"featured_media":0,"parent":0,"menu_order":1,"comment_status":"closed","ping_status":"closed","template":"","meta":{"footnotes":""},"class_list":["post-2","page","type-page","status-publish","hentry"],"_links":{"self":[{"href":"https:\/\/www.teamwonderbar.ch\/index.php?rest_route=\/wp\/v2\/pages\/2","targetHints":{"allow":["GET"]}}],"collection":[{"href":"https:\/\/www.teamwonderbar.ch\/index.php?rest_route=\/wp\/v2\/pages"}],"about":[{"href":"https:\/\/www.teamwonderbar.ch\/index.php?rest_route=\/wp\/v2\/types\/page"}],"author":[{"embeddable":true,"href":"https:\/\/www.teamwonderbar.ch\/index.php?rest_route=\/wp\/v2\/users\/1"}],"replies":[{"embeddable":true,"href":"https:\/\/www.teamwonderbar.ch\/index.php?rest_route=%2Fwp%2Fv2%2Fcomments&post=2"}],"version-history":[{"count":93,"href":"https:\/\/www.teamwonderbar.ch\/index.php?rest_route=\/wp\/v2\/pages\/2\/revisions"}],"predecessor-version":[{"id":1227,"href":"https:\/\/www.teamwonderbar.ch\/index.php?rest_route=\/wp\/v2\/pages\/2\/revisions\/1227"}],"wp:attachment":[{"href":"https:\/\/www.teamwonderbar.ch\/index.php?rest_route=%2Fwp%2Fv2%2Fmedia&parent=2"}],"curies":[{"name":"wp","href":"https:\/\/api.w.org\/{rel}","templated":true}]}}